{"id":500,"date":"2023-10-30T13:16:45","date_gmt":"2023-10-30T12:16:45","guid":{"rendered":"http:\/\/rvrqgda.cluster028.hosting.ovh.net\/?page_id=500"},"modified":"2023-11-24T12:06:16","modified_gmt":"2023-11-24T11:06:16","slug":"nos-references","status":"publish","type":"page","link":"https:\/\/www.jsnet.fr\/index.php\/nos-references\/","title":{"rendered":"Nos r\u00e9f\u00e9rences"},"content":{"rendered":"\t\t<div data-elementor-type=\"wp-page\" data-elementor-id=\"500\" class=\"elementor elementor-500\">\n\t\t\t\t<div class=\"elementor-element elementor-element-8bcc794 e-flex e-con-boxed e-con e-parent\" data-id=\"8bcc794\" data-element_type=\"container\" data-e-type=\"container\">\n\t\t\t\t\t<div class=\"e-con-inner\">\n\t\t<div class=\"elementor-element elementor-element-770fa2a e-con-full e-flex e-con e-child\" data-id=\"770fa2a\" data-element_type=\"container\" data-e-type=\"container\">\n\t\t\t\t<div class=\"elementor-element elementor-element-3daabb9 elementor-widget elementor-widget-heading\" data-id=\"3daabb9\" data-element_type=\"widget\" data-e-type=\"widget\" data-widget_type=\"heading.default\">\n\t\t\t\t<div class=\"elementor-widget-container\">\n\t\t\t\t\t<h2 class=\"elementor-heading-title elementor-size-default\">NOS R\u00c9F\u00c9RENCES<\/h2>\t\t\t\t<\/div>\n\t\t\t\t<\/div>\n\t\t\t\t<div class=\"elementor-element elementor-element-782c710 elementor-widget elementor-widget-image\" data-id=\"782c710\" data-element_type=\"widget\" data-e-type=\"widget\" data-widget_type=\"image.default\">\n\t\t\t\t<div class=\"elementor-widget-container\">\n\t\t\t\t\t\t\t\t\t\t\t\t\t\t\t<img decoding=\"async\" src=\"https:\/\/www.jsnet.fr\/wp-content\/uploads\/2023\/11\/wave.png\" title=\"wave\" alt=\"wave\" loading=\"lazy\" \/>\t\t\t\t\t\t\t\t\t\t\t\t\t\t\t<\/div>\n\t\t\t\t<\/div>\n\t\t\t\t<\/div>\n\t\t\t\t<div class=\"elementor-element elementor-element-8640ca9 elementor-widget elementor-widget-text-editor\" data-id=\"8640ca9\" data-element_type=\"widget\" data-e-type=\"widget\" data-widget_type=\"text-editor.default\">\n\t\t\t\t<div class=\"elementor-widget-container\">\n\t\t\t\t\t\t\t\t\t<p>Au fil des ann\u00e9es, ce sont plus de 60 clients qui ont fais confiance \u00e0 notre expertise.\u00a0 Voici quelques-unes des enseignes que nous sommes fiers de compter parmi eux : chacune incarne la confiance que nous avons \u00e9tablie et la satisfaction que nous nous effor\u00e7ons de fournir.<\/p>\n<p>\u00a0<\/p>\n<p><strong>Merci \u00e0 tous nos clients pour leur confiance et leur partenariat continu !<\/strong><\/p>\t\t\t\t\t\t\t\t<\/div>\n\t\t\t\t<\/div>\n\t\t\t\t\t<\/div>\n\t\t\t\t<\/div>\n\t\t<div class=\"elementor-element elementor-element-a82b8c2 e-con-full e-flex e-con e-parent\" data-id=\"a82b8c2\" data-element_type=\"container\" data-e-type=\"container\">\n\t\t\t\t<div class=\"elementor-element elementor-element-fa75c34 gallery-spacing-custom elementor-widget elementor-widget-image-gallery\" data-id=\"fa75c34\" data-element_type=\"widget\" data-e-type=\"widget\" data-widget_type=\"image-gallery.default\">\n\t\t\t\t<div class=\"elementor-widget-container\">\n\t\t\t\t\t\t\t<div class=\"elementor-image-gallery\">\n\t\t\t<div id='gallery-1' class='gallery galleryid-500 gallery-columns-6 gallery-size-medium'><figure class='gallery-item'>\n\t\t\t<div class='gallery-icon landscape'>\n\t\t\t\t<img decoding=\"async\" width=\"300\" height=\"89\" src=\"https:\/\/www.jsnet.fr\/wp-content\/uploads\/2023\/11\/acces-value.jpg\" class=\"attachment-medium size-medium\" alt=\"\" sizes=\"100vw\" \/>\n\t\t\t<\/div><\/figure><figure class='gallery-item'>\n\t\t\t<div class='gallery-icon landscape'>\n\t\t\t\t<img decoding=\"async\" width=\"300\" height=\"89\" src=\"https:\/\/www.jsnet.fr\/wp-content\/uploads\/2023\/11\/asymptote.jpg\" class=\"attachment-medium size-medium\" alt=\"\" sizes=\"100vw\" \/>\n\t\t\t<\/div><\/figure><figure class='gallery-item'>\n\t\t\t<div class='gallery-icon landscape'>\n\t\t\t\t<img decoding=\"async\" width=\"200\" height=\"118\" src=\"https:\/\/www.jsnet.fr\/wp-content\/uploads\/2023\/11\/baron.jpg\" class=\"attachment-medium size-medium\" alt=\"\" sizes=\"100vw\" \/>\n\t\t\t<\/div><\/figure><figure class='gallery-item'>\n\t\t\t<div class='gallery-icon landscape'>\n\t\t\t\t<img loading=\"lazy\" decoding=\"async\" width=\"300\" height=\"89\" src=\"https:\/\/www.jsnet.fr\/wp-content\/uploads\/2023\/11\/cuisines-expo5.jpg\" class=\"attachment-medium size-medium\" alt=\"\" sizes=\"100vw\" \/>\n\t\t\t<\/div><\/figure><figure class='gallery-item'>\n\t\t\t<div class='gallery-icon landscape'>\n\t\t\t\t<img loading=\"lazy\" decoding=\"async\" width=\"300\" height=\"89\" src=\"https:\/\/www.jsnet.fr\/wp-content\/uploads\/2023\/11\/femat.jpg\" class=\"attachment-medium size-medium\" alt=\"\" sizes=\"100vw\" \/>\n\t\t\t<\/div><\/figure><figure class='gallery-item'>\n\t\t\t<div class='gallery-icon landscape'>\n\t\t\t\t<img loading=\"lazy\" decoding=\"async\" width=\"300\" height=\"89\" src=\"https:\/\/www.jsnet.fr\/wp-content\/uploads\/2023\/11\/fleurieux.jpg\" class=\"attachment-medium size-medium\" alt=\"\" sizes=\"100vw\" \/>\n\t\t\t<\/div><\/figure><figure class='gallery-item'>\n\t\t\t<div class='gallery-icon landscape'>\n\t\t\t\t<img loading=\"lazy\" decoding=\"async\" width=\"150\" height=\"150\" src=\"https:\/\/www.jsnet.fr\/wp-content\/uploads\/2023\/11\/gli.jpg\" class=\"attachment-medium size-medium\" alt=\"\" sizes=\"100vw\" \/>\n\t\t\t<\/div><\/figure><figure class='gallery-item'>\n\t\t\t<div class='gallery-icon landscape'>\n\t\t\t\t<img loading=\"lazy\" decoding=\"async\" width=\"300\" height=\"89\" src=\"https:\/\/www.jsnet.fr\/wp-content\/uploads\/2023\/11\/groupe-JLF.jpg\" class=\"attachment-medium size-medium\" alt=\"\" sizes=\"100vw\" \/>\n\t\t\t<\/div><\/figure><figure class='gallery-item'>\n\t\t\t<div class='gallery-icon landscape'>\n\t\t\t\t<img loading=\"lazy\" decoding=\"async\" width=\"300\" height=\"89\" src=\"https:\/\/www.jsnet.fr\/wp-content\/uploads\/2023\/11\/haras-des-dukes.jpg\" class=\"attachment-medium size-medium\" alt=\"\" sizes=\"100vw\" \/>\n\t\t\t<\/div><\/figure><figure class='gallery-item'>\n\t\t\t<div class='gallery-icon landscape'>\n\t\t\t\t<img loading=\"lazy\" decoding=\"async\" width=\"179\" height=\"89\" src=\"https:\/\/www.jsnet.fr\/wp-content\/uploads\/2023\/11\/hekipia.jpg\" class=\"attachment-medium size-medium\" alt=\"\" sizes=\"100vw\" \/>\n\t\t\t<\/div><\/figure><figure class='gallery-item'>\n\t\t\t<div class='gallery-icon landscape'>\n\t\t\t\t<img loading=\"lazy\" decoding=\"async\" width=\"150\" height=\"150\" src=\"https:\/\/www.jsnet.fr\/wp-content\/uploads\/2023\/11\/hello-pharmacie.jpg\" class=\"attachment-medium size-medium\" alt=\"\" sizes=\"100vw\" \/>\n\t\t\t<\/div><\/figure><figure class='gallery-item'>\n\t\t\t<div class='gallery-icon landscape'>\n\t\t\t\t<img loading=\"lazy\" decoding=\"async\" width=\"220\" height=\"153\" src=\"https:\/\/www.jsnet.fr\/wp-content\/uploads\/2023\/11\/richelieu.png\" class=\"attachment-medium size-medium\" alt=\"\" sizes=\"100vw\" \/>\n\t\t\t<\/div><\/figure><figure class='gallery-item'>\n\t\t\t<div class='gallery-icon landscape'>\n\t\t\t\t<img loading=\"lazy\" decoding=\"async\" width=\"150\" height=\"150\" src=\"https:\/\/www.jsnet.fr\/wp-content\/uploads\/2023\/11\/justin.jpg\" class=\"attachment-medium size-medium\" alt=\"\" sizes=\"100vw\" \/>\n\t\t\t<\/div><\/figure><figure class='gallery-item'>\n\t\t\t<div class='gallery-icon landscape'>\n\t\t\t\t<img loading=\"lazy\" decoding=\"async\" width=\"150\" height=\"150\" src=\"https:\/\/www.jsnet.fr\/wp-content\/uploads\/2023\/11\/lpo.jpg\" class=\"attachment-medium size-medium\" alt=\"\" sizes=\"100vw\" \/>\n\t\t\t<\/div><\/figure><figure class='gallery-item'>\n\t\t\t<div class='gallery-icon landscape'>\n\t\t\t\t<img loading=\"lazy\" decoding=\"async\" width=\"150\" height=\"150\" src=\"https:\/\/www.jsnet.fr\/wp-content\/uploads\/2023\/11\/obbo.jpg\" class=\"attachment-medium size-medium\" alt=\"\" sizes=\"100vw\" \/>\n\t\t\t<\/div><\/figure><figure class='gallery-item'>\n\t\t\t<div class='gallery-icon landscape'>\n\t\t\t\t<img loading=\"lazy\" decoding=\"async\" width=\"150\" height=\"150\" src=\"https:\/\/www.jsnet.fr\/wp-content\/uploads\/2023\/11\/pharmacie-lafayette.jpg\" class=\"attachment-medium size-medium\" alt=\"\" sizes=\"100vw\" \/>\n\t\t\t<\/div><\/figure><figure class='gallery-item'>\n\t\t\t<div class='gallery-icon landscape'>\n\t\t\t\t<img loading=\"lazy\" decoding=\"async\" width=\"150\" height=\"150\" src=\"https:\/\/www.jsnet.fr\/wp-content\/uploads\/2023\/11\/photen.jpg\" class=\"attachment-medium size-medium\" alt=\"\" sizes=\"100vw\" \/>\n\t\t\t<\/div><\/figure><figure class='gallery-item'>\n\t\t\t<div class='gallery-icon landscape'>\n\t\t\t\t<img loading=\"lazy\" decoding=\"async\" width=\"300\" height=\"89\" src=\"https:\/\/www.jsnet.fr\/wp-content\/uploads\/2023\/11\/quadratur.jpg\" class=\"attachment-medium size-medium\" alt=\"\" sizes=\"100vw\" \/>\n\t\t\t<\/div><\/figure><figure class='gallery-item'>\n\t\t\t<div class='gallery-icon landscape'>\n\t\t\t\t<img loading=\"lazy\" decoding=\"async\" width=\"150\" height=\"150\" src=\"https:\/\/www.jsnet.fr\/wp-content\/uploads\/2023\/11\/sundance-spas.jpg\" class=\"attachment-medium size-medium\" alt=\"\" sizes=\"100vw\" \/>\n\t\t\t<\/div><\/figure><figure class='gallery-item'>\n\t\t\t<div class='gallery-icon landscape'>\n\t\t\t\t<img loading=\"lazy\" decoding=\"async\" width=\"150\" height=\"150\" src=\"https:\/\/www.jsnet.fr\/wp-content\/uploads\/2023\/11\/tassin-la-demi-lune.jpg\" class=\"attachment-medium size-medium\" alt=\"\" sizes=\"100vw\" \/>\n\t\t\t<\/div><\/figure><figure class='gallery-item'>\n\t\t\t<div class='gallery-icon landscape'>\n\t\t\t\t<img loading=\"lazy\" decoding=\"async\" width=\"150\" height=\"150\" src=\"https:\/\/www.jsnet.fr\/wp-content\/uploads\/2023\/11\/tpa.jpg\" class=\"attachment-medium size-medium\" alt=\"\" sizes=\"100vw\" \/>\n\t\t\t<\/div><\/figure>\n\t\t<\/div>\n\t\t<\/div>\n\t\t\t\t\t\t<\/div>\n\t\t\t\t<\/div>\n\t\t\t\t<\/div>\n\t\t<div class=\"elementor-element elementor-element-30777aad e-flex e-con-boxed e-con e-parent\" data-id=\"30777aad\" data-element_type=\"container\" data-e-type=\"container\">\n\t\t\t\t\t<div class=\"e-con-inner\">\n\t\t\t\t<div class=\"elementor-element elementor-element-c937bd5 elementor-widget elementor-widget-text-editor\" data-id=\"c937bd5\" data-element_type=\"widget\" data-e-type=\"widget\" data-widget_type=\"text-editor.default\">\n\t\t\t\t<div class=\"elementor-widget-container\">\n\t\t\t\t\t\t\t\t\t\t\t\t\t\t\t\t\t<\/div>\n\t\t\t\t<\/div>\n\t\t\t\t\t<\/div>\n\t\t\t\t<\/div>\n\t\t\t\t<\/div>\n\t\t","protected":false},"excerpt":{"rendered":"<p>NOS R\u00c9F\u00c9RENCES Au fil des ann\u00e9es, ce sont plus de 60 clients qui ont fais confiance \u00e0 notre expertise.\u00a0 Voici quelques-unes des enseignes que nous sommes fiers de compter parmi eux : chacune incarne la confiance que nous avons \u00e9tablie et la satisfaction que nous nous effor\u00e7ons de fournir. \u00a0 Merci \u00e0 tous nos clients &hellip; <\/p>\n<p class=\"link-more\"><a href=\"https:\/\/www.jsnet.fr\/index.php\/nos-references\/\" class=\"more-link\">Lire la suite de<span class=\"screen-reader-text\">\u00ab\u00a0Nos r\u00e9f\u00e9rences\u00a0\u00bb<\/span><\/a><\/p>\n","protected":false},"author":1,"featured_media":0,"parent":0,"menu_order":0,"comment_status":"closed","ping_status":"closed","template":"page-templates\/homepage-no-hero.php","meta":{"footnotes":""},"class_list":["post-500","page","type-page","status-publish","hentry"],"yoast_head":"<!-- This site is optimized with the Yoast SEO plugin v21.6 - https:\/\/yoast.com\/wordpress\/plugins\/seo\/ -->\n<title>Nos r\u00e9f\u00e9rences - JS NET<\/title>\n<meta name=\"robots\" content=\"index, follow, max-snippet:-1, max-image-preview:large, max-video-preview:-1\" \/>\n<link rel=\"canonical\" href=\"https:\/\/www.jsnet.fr\/index.php\/nos-references\/\" \/>\n<meta property=\"og:locale\" content=\"fr_FR\" \/>\n<meta property=\"og:type\" content=\"article\" \/>\n<meta property=\"og:title\" content=\"Nos r\u00e9f\u00e9rences - JS NET\" \/>\n<meta property=\"og:description\" content=\"NOS R\u00c9F\u00c9RENCES Au fil des ann\u00e9es, ce sont plus de 60 clients qui ont fais confiance \u00e0 notre expertise.\u00a0 Voici quelques-unes des enseignes que nous sommes fiers de compter parmi eux : chacune incarne la confiance que nous avons \u00e9tablie et la satisfaction que nous nous effor\u00e7ons de fournir. \u00a0 Merci \u00e0 tous nos clients &hellip; Lire la suite de\u00ab\u00a0Nos r\u00e9f\u00e9rences\u00a0\u00bb\" \/>\n<meta property=\"og:url\" content=\"https:\/\/www.jsnet.fr\/index.php\/nos-references\/\" \/>\n<meta property=\"og:site_name\" content=\"JS NET\" \/>\n<meta property=\"article:modified_time\" content=\"2023-11-24T11:06:16+00:00\" \/>\n<meta property=\"og:image\" content=\"http:\/\/www.jsnet.fr\/wp-content\/uploads\/elementor\/thumbs\/wave-qez7b0u8ygsbiqlsy0xa0e5el6ywpeb1k9dfy9pdy6.png\" \/>\n<meta name=\"twitter:card\" content=\"summary_large_image\" \/>\n<script type=\"application\/ld+json\" class=\"yoast-schema-graph\">{\"@context\":\"https:\/\/schema.org\",\"@graph\":[{\"@type\":\"WebPage\",\"@id\":\"https:\/\/www.jsnet.fr\/index.php\/nos-references\/\",\"url\":\"https:\/\/www.jsnet.fr\/index.php\/nos-references\/\",\"name\":\"Nos r\u00e9f\u00e9rences - JS NET\",\"isPartOf\":{\"@id\":\"https:\/\/www.jsnet.fr\/#website\"},\"datePublished\":\"2023-10-30T12:16:45+00:00\",\"dateModified\":\"2023-11-24T11:06:16+00:00\",\"breadcrumb\":{\"@id\":\"https:\/\/www.jsnet.fr\/index.php\/nos-references\/#breadcrumb\"},\"inLanguage\":\"fr-FR\",\"potentialAction\":[{\"@type\":\"ReadAction\",\"target\":[\"https:\/\/www.jsnet.fr\/index.php\/nos-references\/\"]}]},{\"@type\":\"BreadcrumbList\",\"@id\":\"https:\/\/www.jsnet.fr\/index.php\/nos-references\/#breadcrumb\",\"itemListElement\":[{\"@type\":\"ListItem\",\"position\":1,\"name\":\"Accueil\",\"item\":\"https:\/\/www.jsnet.fr\/\"},{\"@type\":\"ListItem\",\"position\":2,\"name\":\"Nos r\u00e9f\u00e9rences\"}]},{\"@type\":\"WebSite\",\"@id\":\"https:\/\/www.jsnet.fr\/#website\",\"url\":\"https:\/\/www.jsnet.fr\/\",\"name\":\"JS NET\",\"description\":\"Des locaux impeccables, \u00e0 votre image\",\"publisher\":{\"@id\":\"https:\/\/www.jsnet.fr\/#organization\"},\"potentialAction\":[{\"@type\":\"SearchAction\",\"target\":{\"@type\":\"EntryPoint\",\"urlTemplate\":\"https:\/\/www.jsnet.fr\/?s={search_term_string}\"},\"query-input\":\"required name=search_term_string\"}],\"inLanguage\":\"fr-FR\"},{\"@type\":\"Organization\",\"@id\":\"https:\/\/www.jsnet.fr\/#organization\",\"name\":\"JS NET\",\"url\":\"https:\/\/www.jsnet.fr\/\",\"logo\":{\"@type\":\"ImageObject\",\"inLanguage\":\"fr-FR\",\"@id\":\"https:\/\/www.jsnet.fr\/#\/schema\/logo\/image\/\",\"url\":\"https:\/\/www.jsnet.fr\/wp-content\/uploads\/2023\/11\/Logo-JSnet-small.png\",\"contentUrl\":\"https:\/\/www.jsnet.fr\/wp-content\/uploads\/2023\/11\/Logo-JSnet-small.png\",\"width\":200,\"height\":199,\"caption\":\"JS NET\"},\"image\":{\"@id\":\"https:\/\/www.jsnet.fr\/#\/schema\/logo\/image\/\"},\"sameAs\":[\"https:\/\/www.instagram.com\/jsnetgerant\/\"]}]}<\/script>\n<!-- \/ Yoast SEO plugin. -->","yoast_head_json":{"title":"Nos r\u00e9f\u00e9rences - JS NET","robots":{"index":"index","follow":"follow","max-snippet":"max-snippet:-1","max-image-preview":"max-image-preview:large","max-video-preview":"max-video-preview:-1"},"canonical":"https:\/\/www.jsnet.fr\/index.php\/nos-references\/","og_locale":"fr_FR","og_type":"article","og_title":"Nos r\u00e9f\u00e9rences - JS NET","og_description":"NOS R\u00c9F\u00c9RENCES Au fil des ann\u00e9es, ce sont plus de 60 clients qui ont fais confiance \u00e0 notre expertise.\u00a0 Voici quelques-unes des enseignes que nous sommes fiers de compter parmi eux : chacune incarne la confiance que nous avons \u00e9tablie et la satisfaction que nous nous effor\u00e7ons de fournir. \u00a0 Merci \u00e0 tous nos clients &hellip; Lire la suite de\u00ab\u00a0Nos r\u00e9f\u00e9rences\u00a0\u00bb","og_url":"https:\/\/www.jsnet.fr\/index.php\/nos-references\/","og_site_name":"JS NET","article_modified_time":"2023-11-24T11:06:16+00:00","og_image":[{"url":"http:\/\/www.jsnet.fr\/wp-content\/uploads\/elementor\/thumbs\/wave-qez7b0u8ygsbiqlsy0xa0e5el6ywpeb1k9dfy9pdy6.png"}],"twitter_card":"summary_large_image","schema":{"@context":"https:\/\/schema.org","@graph":[{"@type":"WebPage","@id":"https:\/\/www.jsnet.fr\/index.php\/nos-references\/","url":"https:\/\/www.jsnet.fr\/index.php\/nos-references\/","name":"Nos r\u00e9f\u00e9rences - JS NET","isPartOf":{"@id":"https:\/\/www.jsnet.fr\/#website"},"datePublished":"2023-10-30T12:16:45+00:00","dateModified":"2023-11-24T11:06:16+00:00","breadcrumb":{"@id":"https:\/\/www.jsnet.fr\/index.php\/nos-references\/#breadcrumb"},"inLanguage":"fr-FR","potentialAction":[{"@type":"ReadAction","target":["https:\/\/www.jsnet.fr\/index.php\/nos-references\/"]}]},{"@type":"BreadcrumbList","@id":"https:\/\/www.jsnet.fr\/index.php\/nos-references\/#breadcrumb","itemListElement":[{"@type":"ListItem","position":1,"name":"Accueil","item":"https:\/\/www.jsnet.fr\/"},{"@type":"ListItem","position":2,"name":"Nos r\u00e9f\u00e9rences"}]},{"@type":"WebSite","@id":"https:\/\/www.jsnet.fr\/#website","url":"https:\/\/www.jsnet.fr\/","name":"JS NET","description":"Des locaux impeccables, \u00e0 votre image","publisher":{"@id":"https:\/\/www.jsnet.fr\/#organization"},"potentialAction":[{"@type":"SearchAction","target":{"@type":"EntryPoint","urlTemplate":"https:\/\/www.jsnet.fr\/?s={search_term_string}"},"query-input":"required name=search_term_string"}],"inLanguage":"fr-FR"},{"@type":"Organization","@id":"https:\/\/www.jsnet.fr\/#organization","name":"JS NET","url":"https:\/\/www.jsnet.fr\/","logo":{"@type":"ImageObject","inLanguage":"fr-FR","@id":"https:\/\/www.jsnet.fr\/#\/schema\/logo\/image\/","url":"https:\/\/www.jsnet.fr\/wp-content\/uploads\/2023\/11\/Logo-JSnet-small.png","contentUrl":"https:\/\/www.jsnet.fr\/wp-content\/uploads\/2023\/11\/Logo-JSnet-small.png","width":200,"height":199,"caption":"JS NET"},"image":{"@id":"https:\/\/www.jsnet.fr\/#\/schema\/logo\/image\/"},"sameAs":["https:\/\/www.instagram.com\/jsnetgerant\/"]}]}},"_links":{"self":[{"href":"https:\/\/www.jsnet.fr\/index.php\/wp-json\/wp\/v2\/pages\/500","targetHints":{"allow":["GET"]}}],"collection":[{"href":"https:\/\/www.jsnet.fr\/index.php\/wp-json\/wp\/v2\/pages"}],"about":[{"href":"https:\/\/www.jsnet.fr\/index.php\/wp-json\/wp\/v2\/types\/page"}],"author":[{"embeddable":true,"href":"https:\/\/www.jsnet.fr\/index.php\/wp-json\/wp\/v2\/users\/1"}],"replies":[{"embeddable":true,"href":"https:\/\/www.jsnet.fr\/index.php\/wp-json\/wp\/v2\/comments?post=500"}],"version-history":[{"count":51,"href":"https:\/\/www.jsnet.fr\/index.php\/wp-json\/wp\/v2\/pages\/500\/revisions"}],"predecessor-version":[{"id":1845,"href":"https:\/\/www.jsnet.fr\/index.php\/wp-json\/wp\/v2\/pages\/500\/revisions\/1845"}],"wp:attachment":[{"href":"https:\/\/www.jsnet.fr\/index.php\/wp-json\/wp\/v2\/media?parent=500"}],"curies":[{"name":"wp","href":"https:\/\/api.w.org\/{rel}","templated":true}]}}