{"id":43,"date":"2023-10-27T19:34:42","date_gmt":"2023-10-27T17:34:42","guid":{"rendered":"http:\/\/rvrqgda.cluster028.hosting.ovh.net\/?page_id=43"},"modified":"2023-11-24T12:59:34","modified_gmt":"2023-11-24T11:59:34","slug":"demande-de-devis","status":"publish","type":"page","link":"https:\/\/www.jsnet.fr\/index.php\/demande-de-devis\/","title":{"rendered":"Demande de devis"},"content":{"rendered":"\t\t<div data-elementor-type=\"wp-page\" data-elementor-id=\"43\" class=\"elementor elementor-43\">\n\t\t\t\t<div class=\"elementor-element elementor-element-f1a5068 e-con-full e-flex e-con e-parent\" data-id=\"f1a5068\" data-element_type=\"container\" data-e-type=\"container\" data-settings=\"{&quot;background_background&quot;:&quot;classic&quot;}\">\n\t\t\t\t<div class=\"elementor-element elementor-element-9d054fb elementor-widget elementor-widget-html\" data-id=\"9d054fb\" data-element_type=\"widget\" data-e-type=\"widget\" data-widget_type=\"html.default\">\n\t\t\t\t<div class=\"elementor-widget-container\">\n\t\t\t\t\t<style>\n\n\n\n\n\n.waves {\n  position:relative;\n  width: 100%;\n  height:10vh;\n  margin-bottom:-7px; \/*Fix for safari gap*\/\n  min-height:100px;\n  max-height:150px;\n  bottom: -35px\n}\n\n\n\n\/* Animation *\/\n\n.parallax > use {\n  animation: move-forever 25s cubic-bezier(.55,.5,.45,.5)     infinite;\n}\n.parallax > use:nth-child(1) {\n  animation-delay: -2s;\n  animation-duration: 7s;\n}\n.parallax > use:nth-child(2) {\n  animation-delay: -3s;\n  animation-duration: 10s;\n}\n.parallax > use:nth-child(3) {\n  animation-delay: -4s;\n  animation-duration: 13s;\n}\n.parallax > use:nth-child(4) {\n  animation-delay: -5s;\n  animation-duration: 20s;\n}\n@keyframes move-forever {\n  0% {\n   transform: translate3d(-90px,0,0);\n  }\n  100% { \n    transform: translate3d(85px,0,0);\n  }\n}\n\/*Shrinking for mobile*\/\n@media (max-width: 768px) {\n  .waves {\n    height:40px;\n    min-height:40px;\n  }\n  .content {\n    height:30vh;\n  }\n  h1 {\n    font-size:24px;\n  }\n}    \n\n.elementor-element{\n    padding:0!important;\n}\n    \n<\/style>\n\n\n\n\n<!--Waves Container-->\n<div>\n<svg class=\"waves\" xmlns=\"http:\/\/www.w3.org\/2000\/svg\" xmlns:xlink=\"http:\/\/www.w3.org\/1999\/xlink\"\nviewBox=\"0 24 150 28\" preserveAspectRatio=\"none\" shape-rendering=\"auto\">\n<defs>\n<path id=\"gentle-wave\" d=\"M-160 44c30 0 58-18 88-18s 58 18 88 18 58-18 88-18 58 18 88 18 v44h-352z\" \/>\n<\/defs>\n<g class=\"parallax\">\n<use xlink:href=\"#gentle-wave\" x=\"48\" y=\"0\" fill=\"rgba(255,255,255,0.7\" \/>\n<use xlink:href=\"#gentle-wave\" x=\"48\" y=\"3\" fill=\"rgba(255,255,255,0.5)\" \/>\n<use xlink:href=\"#gentle-wave\" x=\"48\" y=\"5\" fill=\"rgba(255,255,255,0.3)\" \/>\n<use xlink:href=\"#gentle-wave\" x=\"48\" y=\"7\" fill=\"#fff\" \/>\n<\/g>\n<\/svg>\n<\/div>\n<!--Waves end-->\n\n\n\n<!--Waves end-->\n\n\n<!--Header ends-->\n\n\t\t\t\t<\/div>\n\t\t\t\t<\/div>\n\t\t<div class=\"elementor-element elementor-element-56758b6 e-flex e-con-boxed e-con e-child\" data-id=\"56758b6\" data-element_type=\"container\" data-e-type=\"container\">\n\t\t\t\t\t<div class=\"e-con-inner\">\n\t\t\t\t<div class=\"elementor-element elementor-element-73aeb17 elementor-widget elementor-widget-heading\" data-id=\"73aeb17\" data-element_type=\"widget\" data-e-type=\"widget\" data-widget_type=\"heading.default\">\n\t\t\t\t<div class=\"elementor-widget-container\">\n\t\t\t\t\t<h2 class=\"elementor-heading-title elementor-size-default\">FAITES NOUS PART DE <br>VOTRE PROJET<\/h2>\t\t\t\t<\/div>\n\t\t\t\t<\/div>\n\t\t\t\t<div class=\"elementor-element elementor-element-f518bf2 elementor-widget-divider--view-line elementor-widget elementor-widget-divider\" data-id=\"f518bf2\" data-element_type=\"widget\" data-e-type=\"widget\" data-widget_type=\"divider.default\">\n\t\t\t\t<div class=\"elementor-widget-container\">\n\t\t\t\t\t\t\t<div class=\"elementor-divider\">\n\t\t\t<span class=\"elementor-divider-separator\">\n\t\t\t\t\t\t<\/span>\n\t\t<\/div>\n\t\t\t\t\t\t<\/div>\n\t\t\t\t<\/div>\n\t\t\t\t<div class=\"elementor-element elementor-element-8b5fe54 elementor-widget elementor-widget-text-editor\" data-id=\"8b5fe54\" data-element_type=\"widget\" data-e-type=\"widget\" data-widget_type=\"text-editor.default\">\n\t\t\t\t<div class=\"elementor-widget-container\">\n\t\t\t\t\t\t\t\t\t<p>Que vous ayez une simple question ou bien que vous souhaitiez recevoir un devis en vue d&rsquo;une future collaboration, nous nous ferons un plaisir d&rsquo;\u00e9changer avec vous. \u00a0Contactez votre interlocuteur privil\u00e9gi\u00e9, Mr Jordan SASSA, ou adressez nous votre demande via notre formulaire de contact.<\/p><p>\u00a0<\/p><p><strong>Nous apporterons une r\u00e9ponse rapide, ad\u00e9quate et professionnelle \u00e0 chacune des demandes que nous recevons, qu\u2019il s\u2019agisse de clients existants ou de clients potentiels.<\/strong><\/p>\t\t\t\t\t\t\t\t<\/div>\n\t\t\t\t<\/div>\n\t\t\t\t\t<\/div>\n\t\t\t\t<\/div>\n\t\t\t\t<\/div>\n\t\t<div class=\"elementor-element elementor-element-cfd44ce e-flex e-con-boxed e-con e-parent\" data-id=\"cfd44ce\" data-element_type=\"container\" data-e-type=\"container\">\n\t\t\t\t\t<div class=\"e-con-inner\">\n\t\t<div class=\"elementor-element elementor-element-3a4561d e-flex e-con-boxed e-con e-child\" data-id=\"3a4561d\" data-element_type=\"container\" data-e-type=\"container\">\n\t\t\t\t\t<div class=\"e-con-inner\">\n\t\t\t\t<div class=\"elementor-element elementor-element-3ed258a elementor-widget elementor-widget-heading\" data-id=\"3ed258a\" data-element_type=\"widget\" data-e-type=\"widget\" data-widget_type=\"heading.default\">\n\t\t\t\t<div class=\"elementor-widget-container\">\n\t\t\t\t\t<h3 class=\"elementor-heading-title elementor-size-default\">Votre interlocuteur privil\u00e9gi\u00e9 :<\/h3>\t\t\t\t<\/div>\n\t\t\t\t<\/div>\n\t\t\t\t\t<\/div>\n\t\t\t\t<\/div>\n\t\t\t\t\t<\/div>\n\t\t\t\t<\/div>\n\t\t<div class=\"elementor-element elementor-element-c4951e7 e-flex e-con-boxed e-con e-parent\" data-id=\"c4951e7\" data-element_type=\"container\" data-e-type=\"container\">\n\t\t\t\t\t<div class=\"e-con-inner\">\n\t\t<div class=\"elementor-element elementor-element-03e4a29 e-con-full e-flex e-con e-child\" data-id=\"03e4a29\" data-element_type=\"container\" data-e-type=\"container\" data-settings=\"{&quot;background_background&quot;:&quot;classic&quot;}\">\n\t\t\t\t<div class=\"elementor-element elementor-element-9b42e91 elementor-widget elementor-widget-image\" data-id=\"9b42e91\" data-element_type=\"widget\" data-e-type=\"widget\" data-widget_type=\"image.default\">\n\t\t\t\t<div class=\"elementor-widget-container\">\n\t\t\t\t\t\t\t\t\t\t\t\t\t\t\t<img decoding=\"async\" src=\"https:\/\/www.jsnet.fr\/wp-content\/uploads\/2023\/11\/icon_phone-1.png\" title=\"icon_phone\" alt=\"icon_phone\" loading=\"lazy\" \/>\t\t\t\t\t\t\t\t\t\t\t\t\t\t\t<\/div>\n\t\t\t\t<\/div>\n\t\t\t\t<div class=\"elementor-element elementor-element-1ccb373 elementor-widget elementor-widget-text-editor\" data-id=\"1ccb373\" data-element_type=\"widget\" data-e-type=\"widget\" data-widget_type=\"text-editor.default\">\n\t\t\t\t<div class=\"elementor-widget-container\">\n\t\t\t\t\t\t\t\t\t<h4>Jordan SASSA\u00a0 |\u00a0 <strong>06 58 38 46 69<\/strong><\/h4>\t\t\t\t\t\t\t\t<\/div>\n\t\t\t\t<\/div>\n\t\t\t\t<\/div>\n\t\t<div class=\"elementor-element elementor-element-2c226fd e-con-full e-flex e-con e-child\" data-id=\"2c226fd\" data-element_type=\"container\" data-e-type=\"container\" data-settings=\"{&quot;background_background&quot;:&quot;classic&quot;}\">\n\t\t\t\t<div class=\"elementor-element elementor-element-005b969 elementor-widget elementor-widget-image\" data-id=\"005b969\" data-element_type=\"widget\" data-e-type=\"widget\" data-widget_type=\"image.default\">\n\t\t\t\t<div class=\"elementor-widget-container\">\n\t\t\t\t\t\t\t\t\t\t\t\t\t\t\t<img decoding=\"async\" src=\"https:\/\/www.jsnet.fr\/wp-content\/uploads\/2023\/11\/icon_mail-1.png\" title=\"icon_mail\" alt=\"icon_mail\" loading=\"lazy\" \/>\t\t\t\t\t\t\t\t\t\t\t\t\t\t\t<\/div>\n\t\t\t\t<\/div>\n\t\t\t\t<div class=\"elementor-element elementor-element-c7133e8 elementor-widget elementor-widget-text-editor\" data-id=\"c7133e8\" data-element_type=\"widget\" data-e-type=\"widget\" data-widget_type=\"text-editor.default\">\n\t\t\t\t<div class=\"elementor-widget-container\">\n\t\t\t\t\t\t\t\t\t<h4><strong>sassajordan@hotmail.fr<\/strong><\/h4>\t\t\t\t\t\t\t\t<\/div>\n\t\t\t\t<\/div>\n\t\t\t\t<\/div>\n\t\t\t\t\t<\/div>\n\t\t\t\t<\/div>\n\t\t<div class=\"elementor-element elementor-element-c902d2a e-flex e-con-boxed e-con e-parent\" data-id=\"c902d2a\" data-element_type=\"container\" data-e-type=\"container\">\n\t\t\t\t\t<div class=\"e-con-inner\">\n\t\t\t\t<div class=\"elementor-element elementor-element-4ab51b6 elementor-widget elementor-widget-heading\" data-id=\"4ab51b6\" data-element_type=\"widget\" data-e-type=\"widget\" data-widget_type=\"heading.default\">\n\t\t\t\t<div class=\"elementor-widget-container\">\n\t\t\t\t\t<h2 class=\"elementor-heading-title elementor-size-default\">Formulaire de contact :<\/h2>\t\t\t\t<\/div>\n\t\t\t\t<\/div>\n\t\t\t\t<div class=\"elementor-element elementor-element-867ed4d elementor-widget elementor-widget-image\" data-id=\"867ed4d\" data-element_type=\"widget\" data-e-type=\"widget\" data-widget_type=\"image.default\">\n\t\t\t\t<div class=\"elementor-widget-container\">\n\t\t\t\t\t\t\t\t\t\t\t\t\t\t\t<img decoding=\"async\" src=\"https:\/\/www.jsnet.fr\/wp-content\/uploads\/2023\/11\/wave-small.png\" title=\"wave-small\" alt=\"wave-small\" loading=\"lazy\" \/>\t\t\t\t\t\t\t\t\t\t\t\t\t\t\t<\/div>\n\t\t\t\t<\/div>\n\t\t\t\t\t<\/div>\n\t\t\t\t<\/div>\n\t\t<div class=\"elementor-element elementor-element-ce447b2 e-flex e-con-boxed e-con e-parent\" data-id=\"ce447b2\" data-element_type=\"container\" data-e-type=\"container\">\n\t\t\t\t\t<div class=\"e-con-inner\">\n\t\t\t\t<div class=\"elementor-element elementor-element-f8d7b42 elementor-widget elementor-widget-wpforms\" data-id=\"f8d7b42\" data-element_type=\"widget\" data-e-type=\"widget\" data-widget_type=\"wpforms.default\">\n\t\t\t\t<div class=\"elementor-widget-container\">\n\t\t\t\t\t<div class=\"wpforms-container wpforms-container-full wpforms-render-modern\" id=\"wpforms-45\"><form id=\"wpforms-form-45\" class=\"wpforms-validate wpforms-form wpforms-ajax-form\" data-formid=\"45\" method=\"post\" enctype=\"multipart\/form-data\" action=\"\/index.php\/wp-json\/wp\/v2\/pages\/43\" data-token=\"3e6565ec9cbf6225525037fc4b58b747\" data-token-time=\"1777035670\"><noscript class=\"wpforms-error-noscript\">Veuillez activer JavaScript dans votre navigateur pour remplir ce formulaire.<\/noscript><div id=\"wpforms-error-noscript\" style=\"display: none;\">Veuillez activer JavaScript dans votre navigateur pour remplir ce formulaire.<\/div><div class=\"wpforms-field-container\"><div id=\"wpforms-45-field_1-container\" class=\"wpforms-field wpforms-field-name\" data-field-id=\"1\"><label class=\"wpforms-field-label\" for=\"wpforms-45-field_1\">Nom <span class=\"wpforms-required-label\" aria-hidden=\"true\">*<\/span><\/label><input type=\"text\" id=\"wpforms-45-field_1\" class=\"wpforms-field-large wpforms-field-required\" name=\"wpforms[fields][1]\" aria-errormessage=\"wpforms-45-field_1-error\" required><\/div><div id=\"wpforms-45-field_10-container\" class=\"wpforms-field wpforms-field-name\" data-field-id=\"10\"><label class=\"wpforms-field-label\" for=\"wpforms-45-field_10\">Soci\u00e9t\u00e9<\/label><input type=\"text\" id=\"wpforms-45-field_10\" class=\"wpforms-field-large\" name=\"wpforms[fields][10]\" aria-errormessage=\"wpforms-45-field_10-error\" ><\/div><div id=\"wpforms-45-field_11-container\" class=\"wpforms-field wpforms-field-name\" data-field-id=\"11\"><label class=\"wpforms-field-label\" for=\"wpforms-45-field_11\">T\u00e9l\u00e9phone <span class=\"wpforms-required-label\" aria-hidden=\"true\">*<\/span><\/label><input type=\"text\" id=\"wpforms-45-field_11\" class=\"wpforms-field-large wpforms-field-required\" name=\"wpforms[fields][11]\" aria-errormessage=\"wpforms-45-field_11-error\" required><\/div><div id=\"wpforms-45-field_8-container\" class=\"wpforms-field wpforms-field-email\" data-field-id=\"8\"><label class=\"wpforms-field-label\" for=\"wpforms-45-field_8\">E-mail <span class=\"wpforms-required-label\" aria-hidden=\"true\">*<\/span><\/label><input type=\"email\" id=\"wpforms-45-field_8\" class=\"wpforms-field-large wpforms-field-required\" name=\"wpforms[fields][8]\" spellcheck=\"false\" aria-errormessage=\"wpforms-45-field_8-error\" required><\/div><div id=\"wpforms-45-field_4-container\" class=\"wpforms-field wpforms-field-radio\" data-field-id=\"4\"><fieldset><legend class=\"wpforms-field-label\">Pr\u00e9f\u00e9rez-vous \u00eatre recontact\u00e9 par :<\/legend><ul id=\"wpforms-45-field_4\"><li class=\"choice-1 depth-1\"><input type=\"radio\" id=\"wpforms-45-field_4_1\" name=\"wpforms[fields][4]\" value=\"T\u00e9l\u00e9phone\" aria-errormessage=\"wpforms-45-field_4_1-error\"  ><label class=\"wpforms-field-label-inline\" for=\"wpforms-45-field_4_1\">T\u00e9l\u00e9phone<\/label><\/li><li class=\"choice-2 depth-1\"><input type=\"radio\" id=\"wpforms-45-field_4_2\" name=\"wpforms[fields][4]\" value=\"E-mail\" aria-errormessage=\"wpforms-45-field_4_2-error\"  ><label class=\"wpforms-field-label-inline\" for=\"wpforms-45-field_4_2\">E-mail<\/label><\/li><li class=\"choice-3 depth-1\"><input type=\"radio\" id=\"wpforms-45-field_4_3\" name=\"wpforms[fields][4]\" value=\"Indiff\u00e9rent\" aria-errormessage=\"wpforms-45-field_4_3-error\"  ><label class=\"wpforms-field-label-inline\" for=\"wpforms-45-field_4_3\">Indiff\u00e9rent<\/label><\/li><\/ul><\/fieldset><\/div><div id=\"wpforms-45-field_6-container\" class=\"wpforms-field wpforms-field-select wpforms-field-select-style-modern\" data-field-id=\"6\"><label class=\"wpforms-field-label\" for=\"wpforms-45-field_6\">Type de prestation de nettoyage souhait\u00e9e<\/label><select id=\"wpforms-45-field_6\" class=\"wpforms-field-medium choicesjs-select\" data-size-class=\"wpforms-field-row wpforms-field-medium\" data-search-enabled=\"1\" name=\"wpforms[fields][6]\"><option value=\"\" class=\"placeholder\" disabled  selected='selected'><\/option><option value=\"Apr\u00e8s sinistre\"  class=\"choice-2 depth-1\"  >Apr\u00e8s sinistre<\/option><option value=\"Bureau \/ Local professionnel\"  class=\"choice-4 depth-1\"  >Bureau \/ Local professionnel<\/option><option value=\"Fa\u00e7ade\"  class=\"choice-7 depth-1\"  >Fa\u00e7ade<\/option><option value=\"Fin de chantier\"  class=\"choice-1 depth-1\"  >Fin de chantier<\/option><option value=\"R\u00e9sidence priv\u00e9e\"  class=\"choice-5 depth-1\"  >R\u00e9sidence priv\u00e9e<\/option><option value=\"Toiture\"  class=\"choice-6 depth-1\"  >Toiture<\/option><option value=\"Vitre\"  class=\"choice-3 depth-1\"  >Vitre<\/option><option value=\"Autre\"  class=\"choice-8 depth-1\"  >Autre<\/option><\/select><\/div><div id=\"wpforms-45-field_7-container\" class=\"wpforms-field wpforms-field-textarea\" data-field-id=\"7\"><label class=\"wpforms-field-label\" for=\"wpforms-45-field_7\">Votre projet en quelques lignes :<\/label><textarea id=\"wpforms-45-field_7\" class=\"wpforms-field-medium\" name=\"wpforms[fields][7]\" aria-errormessage=\"wpforms-45-field_7-error\" ><\/textarea><\/div><\/div><!-- .wpforms-field-container --><div class=\"wpforms-submit-container\" ><input type=\"hidden\" name=\"wpforms[id]\" value=\"45\"><input type=\"hidden\" name=\"page_title\" value=\"\"><input type=\"hidden\" name=\"page_url\" value=\"https:\/\/www.jsnet.fr\/index.php\/wp-json\/wp\/v2\/pages\/43\"><input type=\"hidden\" name=\"url_referer\" value=\"\"><button type=\"submit\" name=\"wpforms[submit]\" id=\"wpforms-submit-45\" class=\"wpforms-submit\" data-alt-text=\"Envoi en cours....\" data-submit-text=\"Envoyer\" aria-live=\"assertive\" value=\"wpforms-submit\">Envoyer<\/button><img decoding=\"async\" src=\"https:\/\/www.jsnet.fr\/wp-content\/plugins\/wpforms-lite\/assets\/images\/submit-spin.svg\" class=\"wpforms-submit-spinner\" style=\"display: none;\" width=\"26\" height=\"26\" alt=\"Chargement en cours\"><\/div><\/form><\/div>  <!-- .wpforms-container -->\t\t\t\t<\/div>\n\t\t\t\t<\/div>\n\t\t\t\t\t<\/div>\n\t\t\t\t<\/div>\n\t\t\t\t<\/div>\n\t\t","protected":false},"excerpt":{"rendered":"<p>FAITES NOUS PART DE VOTRE PROJET Que vous ayez une simple question ou bien que vous souhaitiez recevoir un devis en vue d&rsquo;une future collaboration, nous nous ferons un plaisir d&rsquo;\u00e9changer avec vous. \u00a0Contactez votre interlocuteur privil\u00e9gi\u00e9, Mr Jordan SASSA, ou adressez nous votre demande via notre formulaire de contact. \u00a0 Nous apporterons une r\u00e9ponse &hellip; <\/p>\n<p class=\"link-more\"><a href=\"https:\/\/www.jsnet.fr\/index.php\/demande-de-devis\/\" class=\"more-link\">Lire la suite de<span class=\"screen-reader-text\">\u00ab\u00a0Demande de devis\u00a0\u00bb<\/span><\/a><\/p>\n","protected":false},"author":1,"featured_media":0,"parent":0,"menu_order":0,"comment_status":"closed","ping_status":"closed","template":"page-templates\/homepage-no-hero.php","meta":{"footnotes":""},"class_list":["post-43","page","type-page","status-publish","hentry"],"yoast_head":"<!-- This site is optimized with the Yoast SEO plugin v21.6 - https:\/\/yoast.com\/wordpress\/plugins\/seo\/ -->\n<title>Demande de devis - JS NET<\/title>\n<meta name=\"robots\" content=\"index, follow, max-snippet:-1, max-image-preview:large, max-video-preview:-1\" \/>\n<link rel=\"canonical\" href=\"https:\/\/www.jsnet.fr\/index.php\/demande-de-devis\/\" \/>\n<meta property=\"og:locale\" content=\"fr_FR\" \/>\n<meta property=\"og:type\" content=\"article\" \/>\n<meta property=\"og:title\" content=\"Demande de devis - JS NET\" \/>\n<meta property=\"og:description\" content=\"FAITES NOUS PART DE VOTRE PROJET Que vous ayez une simple question ou bien que vous souhaitiez recevoir un devis en vue d&rsquo;une future collaboration, nous nous ferons un plaisir d&rsquo;\u00e9changer avec vous. \u00a0Contactez votre interlocuteur privil\u00e9gi\u00e9, Mr Jordan SASSA, ou adressez nous votre demande via notre formulaire de contact. \u00a0 Nous apporterons une r\u00e9ponse &hellip; Lire la suite de\u00ab\u00a0Demande de devis\u00a0\u00bb\" \/>\n<meta property=\"og:url\" content=\"https:\/\/www.jsnet.fr\/index.php\/demande-de-devis\/\" \/>\n<meta property=\"og:site_name\" content=\"JS NET\" \/>\n<meta property=\"article:modified_time\" content=\"2023-11-24T11:59:34+00:00\" \/>\n<meta property=\"og:image\" content=\"http:\/\/www.jsnet.fr\/wp-content\/uploads\/2023\/11\/icon_phone-1.png\" \/>\n<meta name=\"twitter:card\" content=\"summary_large_image\" \/>\n<meta name=\"twitter:label1\" content=\"Dur\u00e9e de lecture estim\u00e9e\" \/>\n\t<meta name=\"twitter:data1\" content=\"1 minute\" \/>\n<script type=\"application\/ld+json\" class=\"yoast-schema-graph\">{\"@context\":\"https:\/\/schema.org\",\"@graph\":[{\"@type\":\"WebPage\",\"@id\":\"https:\/\/www.jsnet.fr\/index.php\/demande-de-devis\/\",\"url\":\"https:\/\/www.jsnet.fr\/index.php\/demande-de-devis\/\",\"name\":\"Demande de devis - JS NET\",\"isPartOf\":{\"@id\":\"https:\/\/www.jsnet.fr\/#website\"},\"datePublished\":\"2023-10-27T17:34:42+00:00\",\"dateModified\":\"2023-11-24T11:59:34+00:00\",\"breadcrumb\":{\"@id\":\"https:\/\/www.jsnet.fr\/index.php\/demande-de-devis\/#breadcrumb\"},\"inLanguage\":\"fr-FR\",\"potentialAction\":[{\"@type\":\"ReadAction\",\"target\":[\"https:\/\/www.jsnet.fr\/index.php\/demande-de-devis\/\"]}]},{\"@type\":\"BreadcrumbList\",\"@id\":\"https:\/\/www.jsnet.fr\/index.php\/demande-de-devis\/#breadcrumb\",\"itemListElement\":[{\"@type\":\"ListItem\",\"position\":1,\"name\":\"Accueil\",\"item\":\"https:\/\/www.jsnet.fr\/\"},{\"@type\":\"ListItem\",\"position\":2,\"name\":\"Demande de devis\"}]},{\"@type\":\"WebSite\",\"@id\":\"https:\/\/www.jsnet.fr\/#website\",\"url\":\"https:\/\/www.jsnet.fr\/\",\"name\":\"JS NET\",\"description\":\"Des locaux impeccables, \u00e0 votre image\",\"publisher\":{\"@id\":\"https:\/\/www.jsnet.fr\/#organization\"},\"potentialAction\":[{\"@type\":\"SearchAction\",\"target\":{\"@type\":\"EntryPoint\",\"urlTemplate\":\"https:\/\/www.jsnet.fr\/?s={search_term_string}\"},\"query-input\":\"required name=search_term_string\"}],\"inLanguage\":\"fr-FR\"},{\"@type\":\"Organization\",\"@id\":\"https:\/\/www.jsnet.fr\/#organization\",\"name\":\"JS NET\",\"url\":\"https:\/\/www.jsnet.fr\/\",\"logo\":{\"@type\":\"ImageObject\",\"inLanguage\":\"fr-FR\",\"@id\":\"https:\/\/www.jsnet.fr\/#\/schema\/logo\/image\/\",\"url\":\"https:\/\/www.jsnet.fr\/wp-content\/uploads\/2023\/11\/Logo-JSnet-small.png\",\"contentUrl\":\"https:\/\/www.jsnet.fr\/wp-content\/uploads\/2023\/11\/Logo-JSnet-small.png\",\"width\":200,\"height\":199,\"caption\":\"JS NET\"},\"image\":{\"@id\":\"https:\/\/www.jsnet.fr\/#\/schema\/logo\/image\/\"},\"sameAs\":[\"https:\/\/www.instagram.com\/jsnetgerant\/\"]}]}<\/script>\n<!-- \/ Yoast SEO plugin. -->","yoast_head_json":{"title":"Demande de devis - JS NET","robots":{"index":"index","follow":"follow","max-snippet":"max-snippet:-1","max-image-preview":"max-image-preview:large","max-video-preview":"max-video-preview:-1"},"canonical":"https:\/\/www.jsnet.fr\/index.php\/demande-de-devis\/","og_locale":"fr_FR","og_type":"article","og_title":"Demande de devis - JS NET","og_description":"FAITES NOUS PART DE VOTRE PROJET Que vous ayez une simple question ou bien que vous souhaitiez recevoir un devis en vue d&rsquo;une future collaboration, nous nous ferons un plaisir d&rsquo;\u00e9changer avec vous. \u00a0Contactez votre interlocuteur privil\u00e9gi\u00e9, Mr Jordan SASSA, ou adressez nous votre demande via notre formulaire de contact. \u00a0 Nous apporterons une r\u00e9ponse &hellip; Lire la suite de\u00ab\u00a0Demande de devis\u00a0\u00bb","og_url":"https:\/\/www.jsnet.fr\/index.php\/demande-de-devis\/","og_site_name":"JS NET","article_modified_time":"2023-11-24T11:59:34+00:00","og_image":[{"url":"http:\/\/www.jsnet.fr\/wp-content\/uploads\/2023\/11\/icon_phone-1.png"}],"twitter_card":"summary_large_image","twitter_misc":{"Dur\u00e9e de lecture estim\u00e9e":"1 minute"},"schema":{"@context":"https:\/\/schema.org","@graph":[{"@type":"WebPage","@id":"https:\/\/www.jsnet.fr\/index.php\/demande-de-devis\/","url":"https:\/\/www.jsnet.fr\/index.php\/demande-de-devis\/","name":"Demande de devis - JS NET","isPartOf":{"@id":"https:\/\/www.jsnet.fr\/#website"},"datePublished":"2023-10-27T17:34:42+00:00","dateModified":"2023-11-24T11:59:34+00:00","breadcrumb":{"@id":"https:\/\/www.jsnet.fr\/index.php\/demande-de-devis\/#breadcrumb"},"inLanguage":"fr-FR","potentialAction":[{"@type":"ReadAction","target":["https:\/\/www.jsnet.fr\/index.php\/demande-de-devis\/"]}]},{"@type":"BreadcrumbList","@id":"https:\/\/www.jsnet.fr\/index.php\/demande-de-devis\/#breadcrumb","itemListElement":[{"@type":"ListItem","position":1,"name":"Accueil","item":"https:\/\/www.jsnet.fr\/"},{"@type":"ListItem","position":2,"name":"Demande de devis"}]},{"@type":"WebSite","@id":"https:\/\/www.jsnet.fr\/#website","url":"https:\/\/www.jsnet.fr\/","name":"JS NET","description":"Des locaux impeccables, \u00e0 votre image","publisher":{"@id":"https:\/\/www.jsnet.fr\/#organization"},"potentialAction":[{"@type":"SearchAction","target":{"@type":"EntryPoint","urlTemplate":"https:\/\/www.jsnet.fr\/?s={search_term_string}"},"query-input":"required name=search_term_string"}],"inLanguage":"fr-FR"},{"@type":"Organization","@id":"https:\/\/www.jsnet.fr\/#organization","name":"JS NET","url":"https:\/\/www.jsnet.fr\/","logo":{"@type":"ImageObject","inLanguage":"fr-FR","@id":"https:\/\/www.jsnet.fr\/#\/schema\/logo\/image\/","url":"https:\/\/www.jsnet.fr\/wp-content\/uploads\/2023\/11\/Logo-JSnet-small.png","contentUrl":"https:\/\/www.jsnet.fr\/wp-content\/uploads\/2023\/11\/Logo-JSnet-small.png","width":200,"height":199,"caption":"JS NET"},"image":{"@id":"https:\/\/www.jsnet.fr\/#\/schema\/logo\/image\/"},"sameAs":["https:\/\/www.instagram.com\/jsnetgerant\/"]}]}},"_links":{"self":[{"href":"https:\/\/www.jsnet.fr\/index.php\/wp-json\/wp\/v2\/pages\/43","targetHints":{"allow":["GET"]}}],"collection":[{"href":"https:\/\/www.jsnet.fr\/index.php\/wp-json\/wp\/v2\/pages"}],"about":[{"href":"https:\/\/www.jsnet.fr\/index.php\/wp-json\/wp\/v2\/types\/page"}],"author":[{"embeddable":true,"href":"https:\/\/www.jsnet.fr\/index.php\/wp-json\/wp\/v2\/users\/1"}],"replies":[{"embeddable":true,"href":"https:\/\/www.jsnet.fr\/index.php\/wp-json\/wp\/v2\/comments?post=43"}],"version-history":[{"count":89,"href":"https:\/\/www.jsnet.fr\/index.php\/wp-json\/wp\/v2\/pages\/43\/revisions"}],"predecessor-version":[{"id":1883,"href":"https:\/\/www.jsnet.fr\/index.php\/wp-json\/wp\/v2\/pages\/43\/revisions\/1883"}],"wp:attachment":[{"href":"https:\/\/www.jsnet.fr\/index.php\/wp-json\/wp\/v2\/media?parent=43"}],"curies":[{"name":"wp","href":"https:\/\/api.w.org\/{rel}","templated":true}]}}